{"id":4068,"date":"2021-01-04T16:09:26","date_gmt":"2021-01-04T15:09:26","guid":{"rendered":"http:\/\/louisbontemps.com\/?page_id=4068"},"modified":"2026-02-23T10:45:09","modified_gmt":"2026-02-23T09:45:09","slug":"accueil","status":"publish","type":"page","link":"https:\/\/www.louisbontemps.com\/en\/","title":{"rendered":"Accueil"},"content":{"rendered":"<style>#wonderpluginslider-1 .star-rating { \tdisplay: inline-block; }<\/style><div class=\"wonderpluginslider-container\" id=\"wonderpluginslider-container-1\" style=\"width:auto;max-width:none;margin-left:calc(50% - 50vw);margin-right:calc(50% - 50vw);padding-left:0px;padding-right:0px;padding-top:0px;padding-bottom:0px;\"><div class=\"wonderpluginslider\" id=\"wonderpluginslider-1\" data-sliderid=\"1\" data-width=\"840\" data-height=\"360\" data-skin=\"classic\" data-usejsforfullbrowserwidth=\"true\" data-fullbrowserwidth=\"true\" data-playmutedandinlinewhenautoplay=\"false\" data-addextraattributes=\"false\" data-autoplay=\"true\" data-randomplay=\"false\" data-loadimageondemand=\"false\" data-transitiononfirstslide=\"false\" data-autoplayvideo=\"false\" data-isresponsive=\"true\" data-fullwidth=\"true\" data-isfullscreen=\"false\" data-ratioresponsive=\"true\" data-showtext=\"false\" data-showtimer=\"false\" data-showbottomshadow=\"false\" data-navshowpreview=\"false\" data-textautohide=\"true\" data-pauseonmouseover=\"false\" data-lightboxresponsive=\"true\" data-lightboxshownavigation=\"false\" data-lightboxshowtitle=\"true\" data-lightboxshowdescription=\"false\" data-texteffectresponsive=\"true\" data-donotinit=\"false\" data-addinitscript=\"false\" data-lightboxfullscreenmode=\"false\" data-lightboxcloseonoverlay=\"true\" data-lightboxvideohidecontrols=\"false\" data-lightboxnogroup=\"false\" data-shownav=\"false\" data-navthumbresponsive=\"false\" data-navshowfeaturedarrow=\"false\" data-inityoutube=\"true\" data-initvimeo=\"true\" data-navshowplaypause=\"false\" data-navshowarrow=\"false\" data-navshowbuttons=\"false\" data-lightboxshowsocial=\"false\" data-lightboxshowfacebook=\"true\" data-lightboxshowtwitter=\"true\" data-lightboxshowpinterest=\"true\" data-lightboxsocialrotateeffect=\"true\" data-showsocial=\"false\" data-showfacebook=\"true\" data-showtwitter=\"true\" data-showpinterest=\"true\" data-socialrotateeffect=\"true\" data-disableinlinecss=\"false\" data-triggerresize=\"false\" data-lightboxautoslide=\"false\" data-lightboxshowtimer=\"true\" data-lightboxshowplaybutton=\"true\" data-lightboxalwaysshownavarrows=\"false\" data-lightboxshowtitleprefix=\"true\" data-titleusealt=\"false\" data-outputtext=\"false\" data-titletag=\"h1\" data-descriptiontag=\"h2\" data-scalemode=\"fit\" data-arrowstyle=\"none\" data-transition=\"cssslide\" data-loop=\"0\" data-border=\"0\" data-slideinterval=\"8000\" data-arrowimage=\"arrows-32-32-0.png\" data-arrowwidth=\"32\" data-arrowheight=\"32\" data-arrowtop=\"50\" data-arrowmargin=\"8\" data-ga4account=\"\" data-googleanalyticsaccount=\"\" data-navplaypauseimage=\"navplaypause-28-28-0.png\" data-navarrowimage=\"navarrows-28-28-0.png\" data-navstyle=\"bullets\" data-navimage=\"\" data-navwidth=\"24\" data-navheight=\"24\" data-navspacing=\"8\" data-navmarginx=\"16\" data-navmarginy=\"16\" data-navposition=\"bottom\" data-navthumbnavigationstyle=\"arrow\" data-navthumbnavigationarrowimage=\"carouselarrows-32-32-0.png\" data-navthumbnavigationarrowimagewidth=\"32\" data-navthumbnavigationarrowimageheight=\"32\" data-playvideoimage=\"playvideo-64-64-0.png\" data-playvideoimagewidth=\"64\" data-playvideoimageheight=\"64\" data-lightboxthumbwidth=\"90\" data-lightboxthumbheight=\"60\" data-lightboxthumbtopmargin=\"12\" data-lightboxthumbbottommargin=\"4\" data-lightboxbarheight=\"64\" data-lightboxtitlebottomcss=\"color:#333; font-size:14px; font-family:Armata,sans-serif,Arial; overflow:hidden; text-align:left;\" data-lightboxdescriptionbottomcss=\"color:#333; font-size:12px; font-family:Arial,Helvetica,sans-serif; overflow:hidden; text-align:left; margin:4px 0px 0px; padding: 0px;\" data-textformat=\"Bottom bar\" data-textpositionstatic=\"bottom\" data-textpositiondynamic=\"bottomleft\" data-paddingleft=\"0\" data-paddingright=\"0\" data-paddingtop=\"0\" data-paddingbottom=\"0\" data-texteffectresponsivesize=\"640\" data-textleftrightpercentforstatic=\"40\" data-fadeduration=\"1000\" data-crossfadeduration=\"1000\" data-fadeoutfadeinduration=\"2000\" data-slideduration=\"1000\" data-cssslideduration=\"1000\" data-elasticduration=\"1000\" data-sliceduration=\"1500\" data-blindsduration=\"1500\" data-blocksduration=\"1500\" data-shuffleduration=\"1500\" data-tilesduration=\"2000\" data-kenburnsduration=\"5000\" data-flipduration=\"1500\" data-flipwithzoomduration=\"2000\" data-threedduration=\"1500\" data-threedhorizontalduration=\"1500\" data-threedwithzoomduration=\"2500\" data-threedhorizontalwithzoomduration=\"2200\" data-threedflipduration=\"1500\" data-threedflipwithzoomduration=\"2000\" data-threedtilesduration=\"2000\" data-threedfallback=\"flip\" data-threedhorizontalfallback=\"flip\" data-threedwithzoomfallback=\"flipwithzoom\" data-threedhorizontalwithzoomfallback=\"flipwithzoom\" data-threedflipfallback=\"flip\" data-threedflipwithzoomfallback=\"flipwithzoom\" data-threedtilesfallback=\"tiles\" data-ratiomediumscreen=\"900\" data-ratiomediumheight=\"1.6\" data-ratiosmallscreen=\"640\" data-ratiosmallheight=\"2.4\" data-socialmode=\"mouseover\" data-socialposition=\"position:absolute;top:8px;right:8px;\" data-socialpositionsmallscreen=\"position:absolute;top:8px;right:8px;\" data-socialdirection=\"horizontal\" data-socialbuttonsize=\"32\" data-socialbuttonfontsize=\"18\" data-navthumbcolumn=\"5\" data-navthumbtitleheight=\"20\" data-navthumbtitlewidth=\"120\" data-navthumbresponsivemode=\"samesize\" data-navthumbstyle=\"imageonly\" data-navthumbmediumsize=\"900\" data-navthumbmediumwidth=\"64\" data-navthumbmediumheight=\"64\" data-navthumbmediumcolumn=\"4\" data-navthumbmediumtitleheight=\"18\" data-navthumbmediumtitlewidth=\"120\" data-navthumbsmallsize=\"600\" data-navthumbsmallwidth=\"48\" data-navthumbsmallheight=\"48\" data-navthumbsmallcolumn=\"3\" data-navthumbsmalltitleheight=\"18\" data-navthumbsmalltitlewidth=\"120\" data-lightboxsocialposition=\"position:absolute;top:100%;right:0;\" data-lightboxsocialpositionsmallscreen=\"position:absolute;top:100%;right:0;left:0;\" data-lightboxsocialdirection=\"horizontal\" data-lightboxsocialbuttonsize=\"32\" data-lightboxsocialbuttonfontsize=\"18\" data-lightboxtitlestyle=\"bottom\" data-lightboximagepercentage=\"75\" data-lightboxdefaultvideovolume=\"1\" data-lightboxoverlaybgcolor=\"#000\" data-lightboxoverlayopacity=\"0.9\" data-lightboxbgcolor=\"#fff\" data-lightboxtitleprefix=\"%NUM \/ %TOTAL\" data-lightboxtitleinsidecss=\"color:#fff; font-size:16px; font-family:Arial,Helvetica,sans-serif; overflow:hidden; text-align:left;\" data-lightboxdescriptioninsidecss=\"color:#fff; font-size:12px; font-family:Arial,Helvetica,sans-serif; overflow:hidden; text-align:left; margin:4px 0px 0px; padding: 0px;\" data-lightboxtitleoutsidecss=\"color:#fff; font-size:18px; font-family:Arial,Helvetica,sans-serif; overflow:hidden; text-align:center; margin: 8px;\" data-lightboxdescriptionoutsidecss=\"color:#fff; font-size:14px; font-family:Arial,Helvetica,sans-serif; overflow:hidden; text-align:center; margin:8px; padding: 0px;\" data-triggerresizedelay=\"100\" data-lightboxslideinterval=\"5000\" data-lightboxtimerposition=\"bottom\" data-lightboxtimercolor=\"#dc572e\" data-lightboxtimeropacity=\"1\" data-lightboxbordersize=\"8\" data-lightboxborderradius=\"0\" data-textcss=\"display:block; padding:12px; text-align:left;\" data-textbgcss=\"display:block; position:absolute; top:0px; left:0px; width:100%; height:100%; background-color:#333333; opacity:0.6; filter:alpha(opacity=60);\" data-titlecss=\"display:block; position:relative; font:bold 14px &quot;Lucida Sans Unicode&quot;,&quot;Lucida Grande&quot;,sans-serif,Arial; color:#fff;\" data-descriptioncss=\"display:block; position:relative; font:12px &quot;Lucida Sans Unicode&quot;,&quot;Lucida Grande&quot;,sans-serif,Arial; color:#fff; margin-top:8px;\" data-buttoncss=\"display:block; position:relative; margin-top:8px;\" data-titlecssresponsive=\"font-size:12px;\" data-descriptioncssresponsive=\"font-size:12px;\" data-buttoncssresponsive=\"\" data-jsfolder=\"https:\/\/www.louisbontemps.com\/wp-content\/plugins\/wonderplugin-slider-lite\/engine\/\" style=\"display:none;\" ><ul class=\"amazingslider-slides\"  style=\"display:none;\"><li><a href=\"https:\/\/www.louisbontemps.com\/en\/portfolio\/estran\/\"><img decoding=\"async\" class=\"amazingslider-img-elem amazingsliderimg\" src=\"https:\/\/www.louisbontemps.com\/wp-content\/uploads\/2024\/10\/09-01-2024-Macro-neige-algues-Louis-Bontemps-99.jpg\" alt=\"09-01-2024 - Macro neige algues - Louis Bontemps-99\" title=\"09-01-2024 - Macro neige algues - Louis Bontemps-99\" data-description=\"\" \/><\/a><\/li><li><img decoding=\"async\" class=\"amazingslider-img-elem amazingsliderimg\" src=\"https:\/\/www.louisbontemps.com\/wp-content\/uploads\/2024\/10\/20082024-sans-titre-Louis-Bontemps-19.jpg\" alt=\"20082024-sans titre-Louis Bontemps-19\" title=\"20082024-sans titre-Louis Bontemps-19\" data-description=\"\" \/><\/li><li><img decoding=\"async\" class=\"amazingslider-img-elem amazingsliderimg\" src=\"https:\/\/www.louisbontemps.com\/wp-content\/uploads\/2022\/09\/Louis_Bontemps-11-1.jpg\" alt=\"Seul dans la p\u00e9nombre\" title=\"Seul dans la p\u00e9nombre\" data-description=\"\" \/><\/li><li><img decoding=\"async\" class=\"amazingslider-img-elem amazingsliderimg\" src=\"https:\/\/www.louisbontemps.com\/wp-content\/uploads\/2022\/09\/Louis_Bontemps-3-1.jpg\" alt=\"Louis_Bontemps-3\" title=\"Louis_Bontemps-3\" data-description=\"\" \/><\/li><li><img decoding=\"async\" class=\"amazingslider-img-elem amazingsliderimg\" src=\"http:\/\/louisbontemps.com\/wp-content\/uploads\/2018\/01\/2014_12_DSC_7241-1.jpg\" alt=\"2014_12_DSC_7241\" title=\"2014_12_DSC_7241\" data-description=\"\" \/><\/li><li><img decoding=\"async\" class=\"amazingslider-img-elem amazingsliderimg\" src=\"https:\/\/www.louisbontemps.com\/wp-content\/uploads\/2022\/04\/05-11-2022-NATO-Winter-camp-Tapa-Estonia-Louis-Bontemps-431-scaled.jpg\" alt=\"Des soldats fran\u00e7ais montent \u00e0 l&#39;assault dans la neige\" title=\"Des soldats fran\u00e7ais montent \u00e0 l&#39;assault dans la neige\" data-description=\"\" \/><\/li><li><img decoding=\"async\" class=\"amazingslider-img-elem amazingsliderimg\" src=\"https:\/\/www.louisbontemps.com\/wp-content\/uploads\/2021\/12\/30-11-2021-EMOT-Lille-Louis-Bontemps-89.jpg\" alt=\"L&#39;ENTREE DU QUARTIER D&#39;ISOLEMENT\" title=\"L&#39;ENTREE DU QUARTIER D&#39;ISOLEMENT\" data-description=\"\" \/><\/li><li><img decoding=\"async\" class=\"amazingslider-img-elem amazingsliderimg\" src=\"https:\/\/www.louisbontemps.com\/wp-content\/uploads\/2021\/09\/30-06-2021-Contre-la-montre-Tour-de-France-Louverne-Louis-Bontemps-111.jpg\" alt=\"Surprise et admiration\" title=\"Surprise et admiration\" data-description=\"\" \/><\/li><li><img decoding=\"async\" class=\"amazingslider-img-elem amazingsliderimg\" src=\"https:\/\/www.louisbontemps.com\/wp-content\/uploads\/2021\/12\/22-11-2022-Questions-au-gouvernement-Assemblee-Nationale-Louis-Bontemps-125-1.jpg\" alt=\"Bruno Lemaire \u00e0 l&#39;Assembl\u00e9e\" title=\"Bruno Lemaire \u00e0 l&#39;Assembl\u00e9e\" data-description=\"\" \/><\/li><li><img decoding=\"async\" class=\"amazingslider-img-elem amazingsliderimg\" src=\"http:\/\/louisbontemps.com\/wp-content\/uploads\/2019\/08\/28-11-2020-Manifestation-loi-s\u00e9curit\u00e9-globale-Paris-Louis-Bontemps-32.jpg\" alt=\"Le g\u00e9nie de la Bastille face \u00e0 des manifestants sur un toit\" title=\"Le g\u00e9nie de la Bastille face \u00e0 des manifestants sur un toit\" data-description=\"\" \/><\/li><li><img decoding=\"async\" class=\"amazingslider-img-elem amazingsliderimg\" src=\"https:\/\/www.louisbontemps.com\/wp-content\/uploads\/2021\/12\/28-03-2023-Manifestation-contre-la-reforme-des-retraites-Paris-Louis-Bontemps-673-BD.jpg\" alt=\"28-03-2023 - Manifestation contre la r\u00e9forme des retraites - Paris - Louis Bontemps-673-BD\" title=\"28-03-2023 - Manifestation contre la r\u00e9forme des retraites - Paris - Louis Bontemps-673-BD\" data-description=\"\" \/><\/li><li><img decoding=\"async\" class=\"amazingslider-img-elem amazingsliderimg\" src=\"https:\/\/www.louisbontemps.com\/wp-content\/uploads\/2023\/11\/12-09-2023-Mediation-animale-Pleudihen-Louis-Bontemps-43-1.jpg\" alt=\"12-09-2023 - Mediation animale Pleudihen - Louis Bontemps-43\" title=\"12-09-2023 - Mediation animale Pleudihen - Louis Bontemps-43\" data-description=\"\" \/><\/li><li><img decoding=\"async\" class=\"amazingslider-img-elem amazingsliderimg\" src=\"http:\/\/louisbontemps.com\/wp-content\/uploads\/2018\/02\/DSC_6948.jpg\" alt=\"DSC_6948\" title=\"DSC_6948\" data-description=\"\" \/><\/li><li><img decoding=\"async\" class=\"amazingslider-img-elem amazingsliderimg\" src=\"https:\/\/www.louisbontemps.com\/wp-content\/uploads\/2019\/08\/27-10-2023-Locquirec-Surf-898.jpg\" alt=\"27-10-2023 - Locquirec Surf-898\" title=\"27-10-2023 - Locquirec Surf-898\" data-description=\"\" \/><\/li><li><a href=\"https:\/\/www.louisbontemps.com\/en\/portfolio\/portraits\/\"><img decoding=\"async\" class=\"amazingslider-img-elem amazingsliderimg\" src=\"https:\/\/www.louisbontemps.com\/wp-content\/uploads\/2022\/10\/15-10-2022-Atelier-Ferville-Louis-Bontemps-153.jpg\" alt=\"15-10-2022 - Atelier Ferville - Louis Bontemps-153\" title=\"15-10-2022 - Atelier Ferville - Louis Bontemps-153\" data-description=\"\" \/><\/a><\/li><\/ul><\/div><\/div><div id=\"amazingslider_customtexteffect_1\" style=\"display:none;\" data-texteffect=\"{&quot;Bottom bar&quot;:{&quot;textstyle&quot;:&quot;static&quot;,&quot;textpositionstatic&quot;:&quot;bottom&quot;,&quot;textautohide&quot;:true,&quot;textpositionmarginstatic&quot;:0,&quot;textpositiondynamic&quot;:&quot;bottomleft&quot;,&quot;textpositionmarginleft&quot;:24,&quot;textpositionmarginright&quot;:24,&quot;textpositionmargintop&quot;:24,&quot;textpositionmarginbottom&quot;:24,&quot;texteffect&quot;:&quot;slide&quot;,&quot;texteffecteasing&quot;:&quot;easeOutCubic&quot;,&quot;texteffectduration&quot;:600,&quot;texteffectslidedirection&quot;:&quot;left&quot;,&quot;texteffectslidedistance&quot;:30,&quot;texteffectdelay&quot;:500,&quot;texteffectseparate&quot;:false,&quot;texteffect1&quot;:&quot;slide&quot;,&quot;texteffectslidedirection1&quot;:&quot;right&quot;,&quot;texteffectslidedistance1&quot;:120,&quot;texteffecteasing1&quot;:&quot;easeOutCubic&quot;,&quot;texteffectduration1&quot;:600,&quot;texteffectdelay1&quot;:1000,&quot;texteffect2&quot;:&quot;slide&quot;,&quot;texteffectslidedirection2&quot;:&quot;right&quot;,&quot;texteffectslidedistance2&quot;:120,&quot;texteffecteasing2&quot;:&quot;easeOutCubic&quot;,&quot;texteffectduration2&quot;:600,&quot;texteffectdelay2&quot;:1500,&quot;textcss&quot;:&quot;display:block; padding:12px; text-align:left;&quot;,&quot;textbgcss&quot;:&quot;display:block; position:absolute; top:0px; left:0px; width:100%; height:100%; background-color:#333333; opacity:0.6; filter:alpha(opacity=60);&quot;,&quot;titlecss&quot;:&quot;display:block; position:relative; font:bold 14px \\&quot;Lucida Sans Unicode\\&quot;,\\&quot;Lucida Grande\\&quot;,sans-serif,Arial; color:#fff;&quot;,&quot;descriptioncss&quot;:&quot;display:block; position:relative; font:12px \\&quot;Lucida Sans Unicode\\&quot;,\\&quot;Lucida Grande\\&quot;,sans-serif,Arial; color:#fff; margin-top:8px;&quot;,&quot;buttoncss&quot;:&quot;display:block; position:relative; margin-top:8px;&quot;,&quot;texteffectresponsive&quot;:true,&quot;texteffectresponsivesize&quot;:640,&quot;titlecssresponsive&quot;:&quot;font-size:12px;&quot;,&quot;descriptioncssresponsive&quot;:&quot;font-size:12px;&quot;,&quot;buttoncssresponsive&quot;:&quot;&quot;,&quot;addgooglefonts&quot;:false,&quot;googlefonts&quot;:&quot;&quot;,&quot;textleftrightpercentforstatic&quot;:40}}\"><\/div>\n\n\n\n<div style=\"visibility: hidden\"><p>Capturer l\u2019intensit\u00e9 d\u2019un regard, la tendresse d\u2019un instant en famille ou l\u2019\u00e9motion d\u2019un \u00ab oui \u00bb chuchot\u00e9 : voil\u00e0 la promesse de J\u00e9r\u00e9mie Herv\u00e9 Photographie. Bas\u00e9 \u00e0 Saint-Brieuc je transforme chaque moment cl\u00e9 en souvenirs authentiques et \u00e9l\u00e9gants, qu\u2019il s\u2019agisse d\u2019un mariage romantique, d\u2019un portrait individuel, d\u2019une session famille ou d\u2019une exp\u00e9rience boudoir toute en confidentialit\u00e9.\nPhotographe, Bretagne, C\u00f4tes d&rsquo;Armor, Saint-Brieuc, Brest, Rennes, Vannes, Lorient, Carhaix, Morlaix, Quimper, Photo, reportage, entreprise, artisan<\/p> <\/div>","protected":false},"excerpt":{"rendered":"<p>Capturer l\u2019intensit\u00e9 d\u2019un regard, la tendresse d\u2019un instant en famille ou l\u2019\u00e9motion d\u2019un \u00ab oui \u00bb chuchot\u00e9 : voil\u00e0 la promesse de J\u00e9r\u00e9mie Herv\u00e9 Photographie. Bas\u00e9 \u00e0 Saint-Brieuc je transforme chaque moment cl\u00e9 en souvenirs authentiques et \u00e9l\u00e9gants, qu\u2019il s\u2019agisse d\u2019un mariage romantique, d\u2019un portrait individuel, d\u2019une session famille ou d\u2019une exp\u00e9rience boudoir toute en [&hellip;]<\/p>\n","protected":false},"author":1,"featured_media":0,"parent":0,"menu_order":0,"comment_status":"closed","ping_status":"closed","template":"","meta":{"footnotes":""},"class_list":["post-4068","page","type-page","status-publish","hentry","missing-thumbnail"],"_links":{"self":[{"href":"https:\/\/www.louisbontemps.com\/en\/wp-json\/wp\/v2\/pages\/4068","targetHints":{"allow":["GET"]}}],"collection":[{"href":"https:\/\/www.louisbontemps.com\/en\/wp-json\/wp\/v2\/pages"}],"about":[{"href":"https:\/\/www.louisbontemps.com\/en\/wp-json\/wp\/v2\/types\/page"}],"author":[{"embeddable":true,"href":"https:\/\/www.louisbontemps.com\/en\/wp-json\/wp\/v2\/users\/1"}],"replies":[{"embeddable":true,"href":"https:\/\/www.louisbontemps.com\/en\/wp-json\/wp\/v2\/comments?post=4068"}],"version-history":[{"count":8,"href":"https:\/\/www.louisbontemps.com\/en\/wp-json\/wp\/v2\/pages\/4068\/revisions"}],"predecessor-version":[{"id":5651,"href":"https:\/\/www.louisbontemps.com\/en\/wp-json\/wp\/v2\/pages\/4068\/revisions\/5651"}],"wp:attachment":[{"href":"https:\/\/www.louisbontemps.com\/en\/wp-json\/wp\/v2\/media?parent=4068"}],"curies":[{"name":"wp","href":"https:\/\/api.w.org\/{rel}","templated":true}]}}