{"id":59,"date":"2018-01-16T20:04:29","date_gmt":"2018-01-16T19:04:29","guid":{"rendered":"http:\/\/louisbontemps.com\/?page_id=59"},"modified":"2026-02-23T10:59:42","modified_gmt":"2026-02-23T09:59:42","slug":"about","status":"publish","type":"page","link":"https:\/\/www.louisbontemps.com\/en\/about\/","title":{"rendered":"Bio"},"content":{"rendered":"<div class=\"wp-block-columns is-layout-flex wp-container-core-columns-is-layout-9d6595d7 wp-block-columns-is-layout-flex\">\n<div class=\"wp-block-column is-vertically-aligned-center is-layout-flow wp-block-column-is-layout-flow\" style=\"flex-basis:50%\">\n<div class=\"wp-block-columns is-layout-flex wp-container-core-columns-is-layout-9d6595d7 wp-block-columns-is-layout-flex\">\n<div class=\"wp-block-column is-layout-flow wp-block-column-is-layout-flow\" style=\"flex-basis:100%\"><div class=\"wp-block-image\">\n<figure class=\"aligncenter size-large is-resized\"><img loading=\"lazy\" decoding=\"async\" width=\"1667\" height=\"1667\" src=\"https:\/\/www.louisbontemps.com\/wp-content\/uploads\/2023\/11\/LouisB\u00a9ClaireJaillard-2-edited.jpg\" alt=\"\" class=\"wp-image-5199\" style=\"aspect-ratio:1;width:415px;height:auto\" srcset=\"https:\/\/www.louisbontemps.com\/wp-content\/uploads\/2023\/11\/LouisB\u00a9ClaireJaillard-2-edited.jpg 1667w, https:\/\/www.louisbontemps.com\/wp-content\/uploads\/2023\/11\/LouisB\u00a9ClaireJaillard-2-edited-300x300.jpg 300w, https:\/\/www.louisbontemps.com\/wp-content\/uploads\/2023\/11\/LouisB\u00a9ClaireJaillard-2-edited-1024x1024.jpg 1024w, https:\/\/www.louisbontemps.com\/wp-content\/uploads\/2023\/11\/LouisB\u00a9ClaireJaillard-2-edited-150x150.jpg 150w, https:\/\/www.louisbontemps.com\/wp-content\/uploads\/2023\/11\/LouisB\u00a9ClaireJaillard-2-edited-768x768.jpg 768w, https:\/\/www.louisbontemps.com\/wp-content\/uploads\/2023\/11\/LouisB\u00a9ClaireJaillard-2-edited-1536x1536.jpg 1536w, https:\/\/www.louisbontemps.com\/wp-content\/uploads\/2023\/11\/LouisB\u00a9ClaireJaillard-2-edited-12x12.jpg 12w, https:\/\/www.louisbontemps.com\/wp-content\/uploads\/2023\/11\/LouisB\u00a9ClaireJaillard-2-edited-1200x1200.jpg 1200w\" sizes=\"auto, (max-width: 1667px) 100vw, 1667px\" \/><\/figure>\n<\/div><\/div>\n<\/div>\n<\/div>\n\n\n\n<div class=\"wp-block-column is-vertically-aligned-center is-layout-flow wp-block-column-is-layout-flow\" style=\"flex-basis:50%\">\n<p>As a photographer, he explores concepts such as freedom and the interconnectedness of living beings. A significant part of his work takes the form of collective creation with audiences from the social sector and prisons.<br>His work is distributed by <a href=\"https:\/\/www.divergence-images.com\/\">Divergence<\/a>.<\/p>\n\n\n\n<p>Awards and grants<br>&#8211; R\u00e9sidence Transat\/Ateliers M\u00e9dicis 2023<br>&#8211; R\u00e9sidence du Photo Festival de Saint-Brieuc 2024<\/p>\n\n\n\n<h3 class=\"wp-block-heading\">Contact<\/h3>\n\n\n\n<p>contact@louisbontemps.com \/  louisbontemps@protonmail.com<\/p>\n<\/div>\n<\/div>\n\n\n\n<div style=\"visibility: hidden\"><p>Photographe, Bretagne, C\u00f4tes d&rsquo;Armor, Saint-Brieuc, Brest, Rennes, Vannes, Lorient, Carhaix, Morlaix, Quimper, Photo, reportage, entreprise, artisan<\/p> <\/div>","protected":false},"excerpt":{"rendered":"<p>Photographe, il explore des notions comme la libert\u00e9 et l\u2019interconnexion du vivant. Une part importante de son travail se mat\u00e9rialise dans la cr\u00e9ation collective avec des publics du champ social et des prisons.Son travail est diffus\u00e9 par Divergence. Prix et bourses:&#8211; R\u00e9sidence Transat\/Ateliers M\u00e9dicis 2023&#8211; R\u00e9sidence du Photo Festival de Saint-Brieuc 2024 Contact contact@louisbontemps.com \/ [&hellip;]<\/p>\n","protected":false},"author":1,"featured_media":0,"parent":0,"menu_order":0,"comment_status":"closed","ping_status":"closed","template":"","meta":{"footnotes":""},"class_list":["post-59","page","type-page","status-publish","hentry","missing-thumbnail"],"_links":{"self":[{"href":"https:\/\/www.louisbontemps.com\/en\/wp-json\/wp\/v2\/pages\/59","targetHints":{"allow":["GET"]}}],"collection":[{"href":"https:\/\/www.louisbontemps.com\/en\/wp-json\/wp\/v2\/pages"}],"about":[{"href":"https:\/\/www.louisbontemps.com\/en\/wp-json\/wp\/v2\/types\/page"}],"author":[{"embeddable":true,"href":"https:\/\/www.louisbontemps.com\/en\/wp-json\/wp\/v2\/users\/1"}],"replies":[{"embeddable":true,"href":"https:\/\/www.louisbontemps.com\/en\/wp-json\/wp\/v2\/comments?post=59"}],"version-history":[{"count":35,"href":"https:\/\/www.louisbontemps.com\/en\/wp-json\/wp\/v2\/pages\/59\/revisions"}],"predecessor-version":[{"id":5658,"href":"https:\/\/www.louisbontemps.com\/en\/wp-json\/wp\/v2\/pages\/59\/revisions\/5658"}],"wp:attachment":[{"href":"https:\/\/www.louisbontemps.com\/en\/wp-json\/wp\/v2\/media?parent=59"}],"curies":[{"name":"wp","href":"https:\/\/api.w.org\/{rel}","templated":true}]}}