{"id":970,"date":"2019-11-18T22:14:55","date_gmt":"2019-11-18T21:14:55","guid":{"rendered":"http:\/\/louisbontemps.com\/index.php\/shop\/"},"modified":"2021-03-10T14:27:51","modified_gmt":"2021-03-10T13:27:51","slug":"tirage","status":"publish","type":"page","link":"https:\/\/www.louisbontemps.com\/en\/tirage\/","title":{"rendered":"Tirages"},"content":{"rendered":"<div class=\"wp-block-image is-style-rounded\"><figure class=\"aligncenter is-resized\"><img loading=\"lazy\" decoding=\"async\" src=\"https:\/\/louisbontemps.com\/wp-content\/uploads\/2020\/12\/mur-de-cadres-images-mer-1024x804-VLOUIS-1024x804.jpg\" alt=\"\" class=\"wp-image-4042\" width=\"504\" height=\"395\" srcset=\"https:\/\/www.louisbontemps.com\/wp-content\/uploads\/2020\/12\/mur-de-cadres-images-mer-1024x804-VLOUIS.jpg 1024w, https:\/\/www.louisbontemps.com\/wp-content\/uploads\/2020\/12\/mur-de-cadres-images-mer-1024x804-VLOUIS-300x236.jpg 300w, https:\/\/www.louisbontemps.com\/wp-content\/uploads\/2020\/12\/mur-de-cadres-images-mer-1024x804-VLOUIS-768x603.jpg 768w\" sizes=\"auto, (max-width: 504px) 100vw, 504px\" \/><\/figure><\/div>\n\n\n\n<p class=\"has-text-align-center has-small-font-size\">Des tirages d&rsquo;art de l&rsquo;ensemble de mes photos sont disponibles sur demande. Tirages sign\u00e9s et num\u00e9rot\u00e9s, limit\u00e9s \u00e0 30 exemplaires, sur papier Canson Fine Art 310g.<\/p>\n\n\n\n<div style=\"height:48px\" aria-hidden=\"true\" class=\"wp-block-spacer\"><\/div>\n\n\n\n<p><\/p>","protected":false},"excerpt":{"rendered":"<p>Des tirages d&rsquo;art de l&rsquo;ensemble de mes photos sont disponibles sur demande. Tirages sign\u00e9s et num\u00e9rot\u00e9s, limit\u00e9s \u00e0 30 exemplaires, sur papier Canson Fine Art 310g.<\/p>","protected":false},"author":1,"featured_media":0,"parent":0,"menu_order":0,"comment_status":"closed","ping_status":"closed","template":"","meta":{"footnotes":""},"class_list":["post-970","page","type-page","status-publish","hentry","missing-thumbnail"],"_links":{"self":[{"href":"https:\/\/www.louisbontemps.com\/en\/wp-json\/wp\/v2\/pages\/970","targetHints":{"allow":["GET"]}}],"collection":[{"href":"https:\/\/www.louisbontemps.com\/en\/wp-json\/wp\/v2\/pages"}],"about":[{"href":"https:\/\/www.louisbontemps.com\/en\/wp-json\/wp\/v2\/types\/page"}],"author":[{"embeddable":true,"href":"https:\/\/www.louisbontemps.com\/en\/wp-json\/wp\/v2\/users\/1"}],"replies":[{"embeddable":true,"href":"https:\/\/www.louisbontemps.com\/en\/wp-json\/wp\/v2\/comments?post=970"}],"version-history":[{"count":11,"href":"https:\/\/www.louisbontemps.com\/en\/wp-json\/wp\/v2\/pages\/970\/revisions"}],"predecessor-version":[{"id":4285,"href":"https:\/\/www.louisbontemps.com\/en\/wp-json\/wp\/v2\/pages\/970\/revisions\/4285"}],"wp:attachment":[{"href":"https:\/\/www.louisbontemps.com\/en\/wp-json\/wp\/v2\/media?parent=970"}],"curies":[{"name":"wp","href":"https:\/\/api.w.org\/{rel}","templated":true}]}}